{"id":858,"date":"2025-07-29T12:13:56","date_gmt":"2025-07-29T12:13:56","guid":{"rendered":"https:\/\/jonodalys.lt\/?page_id=858"},"modified":"2025-08-30T16:51:45","modified_gmt":"2025-08-30T13:51:45","slug":"pristatymo-politika","status":"publish","type":"page","link":"https:\/\/jonodalys.lt\/en\/pristatymo-politika\/","title":{"rendered":"Pristatymo politika"},"content":{"rendered":"<h5 class=\"wp-block-heading\">Galimi pristatymo b\u016bdai:<\/h5>\n\n\n\n<ol class=\"wp-block-list\">\n<li>Pristatymas \u012f pasirinkt\u0105 vieta per kurjeri\u0173 tarnyb\u0105<\/li>\n\n\n\n<li>Pristatymas \u012f pa\u0161tomatus Lietuvoje<\/li>\n\n\n\n<li>Atsi\u0117mimas pardav\u0117jo vietoje<\/li>\n<\/ol>\n\n\n\n<p class=\"has-text-align-center\"><strong>Galimas pirkimo b\u016bdas<\/strong><\/p>\n\n\n\n<p class=\"has-vivid-red-color has-text-color has-link-color wp-elements-d71968da7a226548b52f27a4b5695718\">Svarbu pirk\u0117jui:<\/p>\n\n\n\n<p><strong>PRISTATYMO KAINA LIETUVOS RESPUBLIKOJE IR BALTIJOS \u0160ALYSE NUSTATO SIUNT\u0172 VE\u017d\u0116JAS<\/strong><\/p>\n\n\n\n<p>Galimas pirkimas: I\u0161 anksto susisiekus el. lai\u0161ku, sutarus su pardav\u0117ju produkto kain\u0105 bei pristatymo b\u016bd\u0105. Tai gali keisti produkto kain\u0105 ir siuntimo i\u0161laidas.<\/p>\n\n\n\n<p>Pa\u0161tomatuose siuntos saugomos operatoriaus nustatytomis taisykl\u0117mis.<\/p>\n\n\n\n<p>Neatsi\u0117mus siuntos, ji bus pardav\u0117jui gr\u0105\u017einama, bei patirtos i\u0161laidos negr\u0105\u017einamos.<\/p>\n\n\n\n<p>Svarbu: Atsiimti prek\u0119 galite tik gav\u0119 patvirtinim\u0105, kad J\u016bs\u0173 siunta yra paruo\u0161ta atsi\u0117mimui. Kurjeris gali papra\u0161yti pad\u0117ti i\u0161krauti sunkesnias nei 25 kg siuntas.<\/p>\n\n\n\n<h5 class=\"wp-block-heading\"><strong>Kada gausiu savo prek<\/strong>\u0119:<\/h5>\n\n\n\n<p>Po u\u017esakymo apmok\u0117jimo pardav\u0117jas, nedelsiant turi prad\u0117ti siuntos i\u0161siuntimo proced\u016bra ir i\u0161si\u0173sti ne v\u0117liau kaip per tris darbo dienas. Pardav\u0117jas turi paruo\u0161ti siunt\u0105 ir perduoda j\u0105, j\u016bs\u0173 pasirinktam kurjeriui. I\u0161si\u0173sime el. lai\u0161k\u0105 su siuntos sekimo numeriu. Su \u0161iuo numeriu gal\u0117site steb\u0117ti savo siuntos b\u016bsena.<\/p>\n\n\n\n<h5 class=\"wp-block-heading\"><strong>Pristatymo kaina ir pristatymo laikas<\/strong>:<\/h5>\n\n\n\n<p>Pristatymas Lietuvos Respublikoje \u012fskai\u010diuotas \u012f detal\u0117s kain\u0105.<\/p>\n\n\n\n<p>Pristatymas \u012f \u017eemynin\u0119 Europos dal\u012f gali keistis, d\u0117l kurjerio taikom\u0173 \u012fkaini\u0173.<\/p>\n\n\n\n<p>Prek\u0117s n\u0117ra siun\u010diamos \u012f tas \u0161alis, kurios yra sankcij\u0173 s\u0105ra\u0161e.<\/p>\n\n\n\n<h5 class=\"wp-block-heading\"><strong>Gavau sugadint\u0105 siunt\u0105<\/strong>:<\/h5>\n\n\n\n<p><strong>Svarbu:<\/strong> Priimdami siunt\u0105, ap\u017ei\u016br\u0117kite ar pakuot\u0117 n\u0117ra pa\u017eeista.<\/p>\n\n\n\n<p>Jei pasteb\u0117jote pa\u017eeist\u0105 siunt\u0105, <strong>(Svarbu)<\/strong> kurjeris privalo u\u017epildyti siuntos pa\u017eeidimo forma. Kitu atveju bus laikoma kad siunt\u0105 gavote nepa\u017eeista. Jei i\u0161pakav\u0119 pasteb\u0117site, kad prek\u0117 pa\u017eeista, nufotografuokite ir informuokite pardav\u0117j\u0105 el. pa\u0161tu: <a href=\"mailto:gm.rimkerta@gmail.com\" target=\"_blank\" rel=\"noreferrer noopener\">gm.rimkerta@gmail.com<\/a><\/p>","protected":false},"excerpt":{"rendered":"<p>Galimi pristatymo b\u016bdai: Galimas pirkimo b\u016bdas Svarbu pirk\u0117jui: PRISTATYMO KAINA LIETUVOS RESPUBLIKOJE IR BALTIJOS \u0160ALYSE NUSTATO SIUNT\u0172 VE\u017d\u0116JAS Galimas pirkimas: I\u0161 anksto susisiekus el. lai\u0161ku, sutarus su pardav\u0117ju produkto kain\u0105 bei pristatymo b\u016bd\u0105. Tai gali keisti produkto kain\u0105 ir siuntimo i\u0161laidas. Pa\u0161tomatuose siuntos saugomos operatoriaus nustatytomis taisykl\u0117mis. Neatsi\u0117mus siuntos, ji bus pardav\u0117jui gr\u0105\u017einama, bei patirtos&#8230;<\/p>","protected":false},"author":1,"featured_media":0,"parent":0,"menu_order":0,"comment_status":"closed","ping_status":"closed","template":"","meta":{"_acf_changed":false,"footnotes":""},"class_list":["post-858","page","type-page","status-publish","hentry"],"acf":[],"aioseo_notices":[],"_links":{"self":[{"href":"https:\/\/jonodalys.lt\/en\/wp-json\/wp\/v2\/pages\/858","targetHints":{"allow":["GET"]}}],"collection":[{"href":"https:\/\/jonodalys.lt\/en\/wp-json\/wp\/v2\/pages"}],"about":[{"href":"https:\/\/jonodalys.lt\/en\/wp-json\/wp\/v2\/types\/page"}],"author":[{"embeddable":true,"href":"https:\/\/jonodalys.lt\/en\/wp-json\/wp\/v2\/users\/1"}],"replies":[{"embeddable":true,"href":"https:\/\/jonodalys.lt\/en\/wp-json\/wp\/v2\/comments?post=858"}],"version-history":[{"count":2,"href":"https:\/\/jonodalys.lt\/en\/wp-json\/wp\/v2\/pages\/858\/revisions"}],"predecessor-version":[{"id":1075,"href":"https:\/\/jonodalys.lt\/en\/wp-json\/wp\/v2\/pages\/858\/revisions\/1075"}],"wp:attachment":[{"href":"https:\/\/jonodalys.lt\/en\/wp-json\/wp\/v2\/media?parent=858"}],"curies":[{"name":"wp","href":"https:\/\/api.w.org\/{rel}","templated":true}]}}