{"id":785,"date":"2025-07-28T15:59:35","date_gmt":"2025-07-28T15:59:35","guid":{"rendered":"https:\/\/jonodalys.lt\/?page_id=785"},"modified":"2025-07-29T17:01:45","modified_gmt":"2025-07-29T17:01:45","slug":"kontaktai","status":"publish","type":"page","link":"https:\/\/jonodalys.lt\/en\/kontaktai\/","title":{"rendered":"Kontaktai"},"content":{"rendered":"<h6 class=\"wp-block-heading\"><\/h6>\n\n\n\n<blockquote class=\"wp-block-quote is-layout-flow wp-block-quote-is-layout-flow\">\n<p>MB Rimkerta<\/p>\n\n\n\n<p>\u012emon\u0117s kodas: 304473181<\/p>\n\n\n\n<p>PVM mok\u0117tojo kodas: LT100010764116<\/p>\n\n\n\n<p>Bankas: Paysera<\/p>\n\n\n\n<p>Adresas: Smiltyno g. 9 Kaimelis, \u0160akiai LT-71410<\/p>\n\n\n\n<p>El pa\u0161tas: gm.rimkerta@gmail.com<\/p>\n\n\n\n<p><br>Tel numeris: +37060848919<\/p>\n\n\n\n<p><\/p>\n<\/blockquote>\n\n\n\n<p><\/p>","protected":false},"excerpt":{"rendered":"<p>MB Rimkerta \u012emon\u0117s kodas: 304473181 PVM mok\u0117tojo kodas: LT100010764116 Bankas: Paysera Adresas: Smiltyno g. 9 Kaimelis, \u0160akiai LT-71410 El pa\u0161tas: gm.rimkerta@gmail.com Tel numeris: +37060848919<\/p>","protected":false},"author":1,"featured_media":0,"parent":0,"menu_order":0,"comment_status":"closed","ping_status":"closed","template":"","meta":{"_acf_changed":false,"footnotes":""},"class_list":["post-785","page","type-page","status-publish","hentry"],"acf":[],"aioseo_notices":[],"_links":{"self":[{"href":"https:\/\/jonodalys.lt\/en\/wp-json\/wp\/v2\/pages\/785","targetHints":{"allow":["GET"]}}],"collection":[{"href":"https:\/\/jonodalys.lt\/en\/wp-json\/wp\/v2\/pages"}],"about":[{"href":"https:\/\/jonodalys.lt\/en\/wp-json\/wp\/v2\/types\/page"}],"author":[{"embeddable":true,"href":"https:\/\/jonodalys.lt\/en\/wp-json\/wp\/v2\/users\/1"}],"replies":[{"embeddable":true,"href":"https:\/\/jonodalys.lt\/en\/wp-json\/wp\/v2\/comments?post=785"}],"version-history":[{"count":0,"href":"https:\/\/jonodalys.lt\/en\/wp-json\/wp\/v2\/pages\/785\/revisions"}],"wp:attachment":[{"href":"https:\/\/jonodalys.lt\/en\/wp-json\/wp\/v2\/media?parent=785"}],"curies":[{"name":"wp","href":"https:\/\/api.w.org\/{rel}","templated":true}]}}