{"id":7,"date":"2025-07-21T16:00:30","date_gmt":"2025-07-21T16:00:30","guid":{"rendered":"http:\/\/jonodalys.lt\/index.php\/cart\/"},"modified":"2025-12-01T19:43:35","modified_gmt":"2025-12-01T16:43:35","slug":"cart","status":"publish","type":"page","link":"https:\/\/jonodalys.lt\/en\/cart\/","title":{"rendered":"Cart"},"content":{"rendered":"<div data-block-name=\"woocommerce\/cart\" class=\"wp-block-woocommerce-cart alignwide is-loading\">\n<div data-block-name=\"woocommerce\/filled-cart-block\" class=\"wp-block-woocommerce-filled-cart-block\">\n<div data-block-name=\"woocommerce\/cart-items-block\" class=\"wp-block-woocommerce-cart-items-block\">\n<div data-block-name=\"woocommerce\/cart-line-items-block\" class=\"wp-block-woocommerce-cart-line-items-block\"><\/div>\n\n\n\n<div data-block-name=\"woocommerce\/cart-cross-sells-block\" class=\"wp-block-woocommerce-cart-cross-sells-block\">\n<h2 class=\"wp-block-heading has-large-font-size\">You may be interested in\u2026<\/h2>\n\n\n\n<div data-block-name=\"woocommerce\/cart-cross-sells-products-block\" class=\"wp-block-woocommerce-cart-cross-sells-products-block\"><\/div>\n<\/div>\n<\/div>\n\n\n\n<div data-block-name=\"woocommerce\/cart-totals-block\" class=\"wp-block-woocommerce-cart-totals-block\">\n<div data-block-name=\"woocommerce\/cart-order-summary-block\" class=\"wp-block-woocommerce-cart-order-summary-block\">\n<div data-block-name=\"woocommerce\/cart-order-summary-heading-block\" class=\"wp-block-woocommerce-cart-order-summary-heading-block\"><\/div><div data-block-name=\"woocommerce\/cart-order-summary-coupon-form-block\" class=\"wp-block-woocommerce-cart-order-summary-coupon-form-block\"><\/div><div data-block-name=\"woocommerce\/cart-order-summary-totals-block\" class=\"wp-block-woocommerce-cart-order-summary-totals-block\">\n<div data-block-name=\"woocommerce\/cart-order-summary-subtotal-block\" class=\"wp-block-woocommerce-cart-order-summary-subtotal-block\"><\/div>\n<div data-block-name=\"woocommerce\/cart-order-summary-discount-block\" class=\"wp-block-woocommerce-cart-order-summary-discount-block\"><\/div>\n<div data-block-name=\"woocommerce\/cart-order-summary-fee-block\" class=\"wp-block-woocommerce-cart-order-summary-fee-block\"><\/div>\n<div data-block-name=\"woocommerce\/cart-order-summary-shipping-block\" class=\"wp-block-woocommerce-cart-order-summary-shipping-block\"><\/div>\n<div data-block-name=\"woocommerce\/cart-order-summary-taxes-block\" class=\"wp-block-woocommerce-cart-order-summary-taxes-block\"><\/div><\/div>\n<\/div>\n\n\n\n<div data-block-name=\"woocommerce\/cart-express-payment-block\" class=\"wp-block-woocommerce-cart-express-payment-block\"><\/div>\n\n\n\n<div data-block-name=\"woocommerce\/proceed-to-checkout-block\" class=\"wp-block-woocommerce-proceed-to-checkout-block\"><\/div>\n\n\n\n<div data-block-name=\"woocommerce\/cart-accepted-payment-methods-block\" class=\"wp-block-woocommerce-cart-accepted-payment-methods-block\"><\/div>\n<\/div>\n<\/div>\n\n\n\n<div data-block-name=\"woocommerce\/empty-cart-block\" class=\"wp-block-woocommerce-empty-cart-block\">\n<h2 class=\"wp-block-heading has-text-align-center with-empty-cart-icon wc-block-cart__empty-cart__title\">Your cart is currently empty!<\/h2>\n\n\n\n<hr class=\"wp-block-separator has-alpha-channel-opacity is-style-dots\"\/>\n\n\n\n<h2 class=\"wp-block-heading has-text-align-center\">New in store<\/h2>\n\n\n<div data-block-name=\"woocommerce\/product-new\" data-columns=\"4\" data-rows=\"1\" class=\"wc-block-grid wp-block-product-new wp-block-woocommerce-product-new wc-block-product-new has-4-columns\"><ul class=\"wc-block-grid__products\"><li class=\"wc-block-grid__product\">\n\t\t\t\t<a href=\"https:\/\/jonodalys.lt\/en\/product\/volkswagen-polo-vi-2020-laidai-generatoriaus-2q0971349rc\/\" class=\"wc-block-grid__product-link\">\n\t\t\t\t\t\n\t\t\t\t\t<div class=\"wc-block-grid__product-image\"><img loading=\"lazy\" decoding=\"async\" width=\"255\" height=\"255\" src=\"https:\/\/jonodalys.lt\/wp-content\/uploads\/2025\/10\/IMG_20251016_162531-255x255.jpg\" class=\"attachment-woocommerce_thumbnail size-woocommerce_thumbnail\" alt=\"Volkswagen Polo VI 2020 Laidai (generatoriaus) 2Q0971349RC\" srcset=\"https:\/\/jonodalys.lt\/wp-content\/uploads\/2025\/10\/IMG_20251016_162531-255x255.jpg 255w, https:\/\/jonodalys.lt\/wp-content\/uploads\/2025\/10\/IMG_20251016_162531-150x150.jpg 150w, https:\/\/jonodalys.lt\/wp-content\/uploads\/2025\/10\/IMG_20251016_162531-100x100.jpg 100w\" sizes=\"(max-width: 255px) 100vw, 255px\" \/><\/div>\n\t\t\t\t\t<div class=\"wc-block-grid__product-title\">Volkswagen Polo VI 2020 Laidai (generatoriaus) 2Q0971349RC<\/div>\n\t\t\t\t<\/a>\n\t\t\t\t<div class=\"wc-block-grid__product-price price\"><span class=\"woocommerce-Price-amount amount\"><span class=\"woocommerce-Price-currencySymbol\">&euro;<\/span>25,00<\/span> <small class=\"woocommerce-price-suffix\">Kaina su mokes\u010diais<\/small><\/div>\n\t\t\t\t\n\t\t\t\t<div class=\"wp-block-button wc-block-grid__product-add-to-cart\"><a href=\"\/en\/wp-json\/wp\/v2\/pages\/7?add-to-cart=2922\" aria-label=\"Add to cart: \u201cVolkswagen Polo VI 2020 Laidai (generatoriaus) 2Q0971349RC\u201d\" data-quantity=\"1\" data-product_id=\"2922\" data-product_sku=\"2922\" data-price=\"25\" rel=\"nofollow\" class=\"wp-block-button__link  add_to_cart_button ajax_add_to_cart\" data-no-translation=\"\" data-trp-gettext=\"\" data-no-translation-aria-label=\"\">Add to cart<\/a><\/div>\n\t\t\t<\/li><li class=\"wc-block-grid__product\">\n\t\t\t\t<a href=\"https:\/\/jonodalys.lt\/en\/product\/volkswagen-polo-vi-2020-999cm3-81kw-variklio-ausinimo-slangos-2q0122291\/\" class=\"wc-block-grid__product-link\">\n\t\t\t\t\t\n\t\t\t\t\t<div class=\"wc-block-grid__product-image\"><img loading=\"lazy\" decoding=\"async\" width=\"255\" height=\"255\" src=\"https:\/\/jonodalys.lt\/wp-content\/uploads\/2025\/10\/IMG_20251016_162244-255x255.jpg\" class=\"attachment-woocommerce_thumbnail size-woocommerce_thumbnail\" alt=\"Volkswagen Polo VI 2020 (999cm3\/ 81kw) Variklio au\u0161inimo \u0161langos 2Q0121049CL 2Q0122291\" srcset=\"https:\/\/jonodalys.lt\/wp-content\/uploads\/2025\/10\/IMG_20251016_162244-255x255.jpg 255w, https:\/\/jonodalys.lt\/wp-content\/uploads\/2025\/10\/IMG_20251016_162244-150x150.jpg 150w, https:\/\/jonodalys.lt\/wp-content\/uploads\/2025\/10\/IMG_20251016_162244-100x100.jpg 100w\" sizes=\"(max-width: 255px) 100vw, 255px\" \/><\/div>\n\t\t\t\t\t<div class=\"wc-block-grid__product-title\">Volkswagen Polo VI 2020 (999cm3\/ 81kw) Variklio au\u0161inimo \u0161langos 2Q0121049CL 2Q0122291<\/div>\n\t\t\t\t<\/a>\n\t\t\t\t<div class=\"wc-block-grid__product-price price\"><span class=\"woocommerce-Price-amount amount\"><span class=\"woocommerce-Price-currencySymbol\">&euro;<\/span>50,00<\/span> <small class=\"woocommerce-price-suffix\">Kaina su mokes\u010diais<\/small><\/div>\n\t\t\t\t\n\t\t\t\t<div class=\"wp-block-button wc-block-grid__product-add-to-cart\"><a href=\"\/en\/wp-json\/wp\/v2\/pages\/7?add-to-cart=2913\" aria-label=\"Add to cart: \u201cVolkswagen Polo VI 2020 (999cm3\/ 81kw) Variklio au\u0161inimo \u0161langos 2Q0121049CL 2Q0122291\u201d\" data-quantity=\"1\" data-product_id=\"2913\" data-product_sku=\"2913\" data-price=\"50\" rel=\"nofollow\" class=\"wp-block-button__link  add_to_cart_button ajax_add_to_cart\" data-no-translation=\"\" data-trp-gettext=\"\" data-no-translation-aria-label=\"\">Add to cart<\/a><\/div>\n\t\t\t<\/li><li class=\"wc-block-grid__product\">\n\t\t\t\t<a href=\"https:\/\/jonodalys.lt\/en\/product\/volkswagen-polo-vi-2020-akumuliatoriaus-deze-2q0915331\/\" class=\"wc-block-grid__product-link\">\n\t\t\t\t\t\n\t\t\t\t\t<div class=\"wc-block-grid__product-image\"><img loading=\"lazy\" decoding=\"async\" width=\"255\" height=\"255\" src=\"https:\/\/jonodalys.lt\/wp-content\/uploads\/2025\/10\/IMG_20251016_162049-255x255.jpg\" class=\"attachment-woocommerce_thumbnail size-woocommerce_thumbnail\" alt=\"Volkswagen Polo VI 2020 Akumuliatoriaus d\u0117\u017e\u0117 2Q0915331\" srcset=\"https:\/\/jonodalys.lt\/wp-content\/uploads\/2025\/10\/IMG_20251016_162049-255x255.jpg 255w, https:\/\/jonodalys.lt\/wp-content\/uploads\/2025\/10\/IMG_20251016_162049-150x150.jpg 150w, https:\/\/jonodalys.lt\/wp-content\/uploads\/2025\/10\/IMG_20251016_162049-100x100.jpg 100w\" sizes=\"(max-width: 255px) 100vw, 255px\" \/><\/div>\n\t\t\t\t\t<div class=\"wc-block-grid__product-title\">Volkswagen Polo VI 2020 Akumuliatoriaus d\u0117\u017e\u0117 2Q0915331<\/div>\n\t\t\t\t<\/a>\n\t\t\t\t<div class=\"wc-block-grid__product-price price\"><span class=\"woocommerce-Price-amount amount\"><span class=\"woocommerce-Price-currencySymbol\">&euro;<\/span>20,00<\/span> <small class=\"woocommerce-price-suffix\">Kaina su mokes\u010diais<\/small><\/div>\n\t\t\t\t\n\t\t\t\t<div class=\"wp-block-button wc-block-grid__product-add-to-cart\"><a href=\"\/en\/wp-json\/wp\/v2\/pages\/7?add-to-cart=2906\" aria-label=\"Add to cart: \u201cVolkswagen Polo VI 2020 Akumuliatoriaus d\u0117\u017e\u0117 2Q0915331\u201d\" data-quantity=\"1\" data-product_id=\"2906\" data-product_sku=\"2906\" data-price=\"20\" rel=\"nofollow\" class=\"wp-block-button__link  add_to_cart_button ajax_add_to_cart\" data-no-translation=\"\" data-trp-gettext=\"\" data-no-translation-aria-label=\"\">Add to cart<\/a><\/div>\n\t\t\t<\/li><li class=\"wc-block-grid__product\">\n\t\t\t\t<a href=\"https:\/\/jonodalys.lt\/en\/product\/peugeot-208-2020-1499cm3-74kw-duslintuvo-laikiklis-9808547880\/\" class=\"wc-block-grid__product-link\">\n\t\t\t\t\t\n\t\t\t\t\t<div class=\"wc-block-grid__product-image\"><img loading=\"lazy\" decoding=\"async\" width=\"255\" height=\"255\" src=\"https:\/\/jonodalys.lt\/wp-content\/uploads\/2025\/10\/IMG_20251016_160654-255x255.jpg\" class=\"attachment-woocommerce_thumbnail size-woocommerce_thumbnail\" alt=\"Peugeot 208 2020 (1499cm3\/ 74kw) Duslintuvo laikiklis 9808547880\" srcset=\"https:\/\/jonodalys.lt\/wp-content\/uploads\/2025\/10\/IMG_20251016_160654-255x255.jpg 255w, https:\/\/jonodalys.lt\/wp-content\/uploads\/2025\/10\/IMG_20251016_160654-150x150.jpg 150w, https:\/\/jonodalys.lt\/wp-content\/uploads\/2025\/10\/IMG_20251016_160654-100x100.jpg 100w\" sizes=\"(max-width: 255px) 100vw, 255px\" \/><\/div>\n\t\t\t\t\t<div class=\"wc-block-grid__product-title\">Peugeot 208 2020 (1499cm3\/ 74kw) Duslintuvo laikiklis 9808547880<\/div>\n\t\t\t\t<\/a>\n\t\t\t\t<div class=\"wc-block-grid__product-price price\"><span class=\"woocommerce-Price-amount amount\"><span class=\"woocommerce-Price-currencySymbol\">&euro;<\/span>15,00<\/span> <small class=\"woocommerce-price-suffix\">Kaina su mokes\u010diais<\/small><\/div>\n\t\t\t\t\n\t\t\t\t<div class=\"wp-block-button wc-block-grid__product-add-to-cart\"><a href=\"\/en\/wp-json\/wp\/v2\/pages\/7?add-to-cart=2901\" aria-label=\"Add to cart: \u201cPeugeot 208 2020 (1499cm3\/ 74kw) Duslintuvo laikiklis 9808547880\u201d\" data-quantity=\"1\" data-product_id=\"2901\" data-product_sku=\"2901\" data-price=\"15\" rel=\"nofollow\" class=\"wp-block-button__link  add_to_cart_button ajax_add_to_cart\" data-no-translation=\"\" data-trp-gettext=\"\" data-no-translation-aria-label=\"\">Add to cart<\/a><\/div>\n\t\t\t<\/li><\/ul><\/div><\/div>\n<\/div>","protected":false},"excerpt":{"rendered":"You may be interested in\u2026 Your cart is currently empty! New in store","protected":false},"author":1,"featured_media":0,"parent":0,"menu_order":0,"comment_status":"closed","ping_status":"closed","template":"","meta":{"_acf_changed":false,"footnotes":""},"class_list":["post-7","page","type-page","status-publish","hentry"],"acf":[],"aioseo_notices":[],"_links":{"self":[{"href":"https:\/\/jonodalys.lt\/en\/wp-json\/wp\/v2\/pages\/7","targetHints":{"allow":["GET"]}}],"collection":[{"href":"https:\/\/jonodalys.lt\/en\/wp-json\/wp\/v2\/pages"}],"about":[{"href":"https:\/\/jonodalys.lt\/en\/wp-json\/wp\/v2\/types\/page"}],"author":[{"embeddable":true,"href":"https:\/\/jonodalys.lt\/en\/wp-json\/wp\/v2\/users\/1"}],"replies":[{"embeddable":true,"href":"https:\/\/jonodalys.lt\/en\/wp-json\/wp\/v2\/comments?post=7"}],"version-history":[{"count":1,"href":"https:\/\/jonodalys.lt\/en\/wp-json\/wp\/v2\/pages\/7\/revisions"}],"predecessor-version":[{"id":2363,"href":"https:\/\/jonodalys.lt\/en\/wp-json\/wp\/v2\/pages\/7\/revisions\/2363"}],"wp:attachment":[{"href":"https:\/\/jonodalys.lt\/en\/wp-json\/wp\/v2\/media?parent=7"}],"curies":[{"name":"wp","href":"https:\/\/api.w.org\/{rel}","templated":true}]}}