{"id":661,"date":"2025-07-24T18:35:30","date_gmt":"2025-07-24T18:35:30","guid":{"rendered":"https:\/\/jonodalys.lt\/?page_id=661"},"modified":"2025-07-29T19:57:22","modified_gmt":"2025-07-29T19:57:22","slug":"grazinimo-politika","status":"publish","type":"page","link":"https:\/\/jonodalys.lt\/en\/grazinimo-politika\/","title":{"rendered":"Grazinimo politika"},"content":{"rendered":"<p><strong>Preki\u0173 gr\u0105\u017einimas<\/strong><\/p>\r\n\r\n\r\n\r\n<p><strong>Gr\u0105\u017einimo taisykl\u0117s<\/strong><\/p>\r\n\r\n\r\n\r\n<p>M\u016bs\u0173 tikslas \u2013 u\u017etikrinti, kad pirk\u0117jai greitai ir patogiai rast\u0173 reikiamas transporto dalis, tod\u0117l stengiam\u0117s, kad visos pirkimo ir gr\u0105\u017einimo procesas vykt\u0173 kuo skland\u017eiau. Jeigu tarp pirk\u0117jo ir pardav\u0117jo kyla nesutarim\u0173, esame pasiruo\u0161\u0119 pad\u0117ti rasti abiem pus\u0117ms priimti sprendim\u0105 \u2013 ar tai b\u016bt\u0173 prek\u0117s gr\u0105\u017einimas, ar pilnas ar dalinis pinig\u0173 kompensavimas.<\/p>\r\n\r\n\r\n\r\n<p>\u2e3b<\/p>\r\n\r\n\r\n\r\n<p><strong>Naudot\u0173 ir nauj\u0173 kokybi\u0161k\u0173 preki\u0173 gr\u0105\u017einimas<\/strong><\/p>\r\n\r\n\r\n\r\n<p>Jeigu pirk\u0117jas (kai tai fizinis asmuo \u2013 vartotojas) \u012fsigyja naudot\u0105, atitinkan\u010di\u0105 kokyb\u0119 prek\u0119 ir prek\u0117 pilnai atitinka skelbime nurodytas savybes, ta\u010diau pirk\u0117jas patvirtina, kad ji jam netinka- j\u0105 galima gr\u0105\u017einti per 14 kalendorini\u0173 dien\u0173 nuo jos gavimo, \u00a0per kurjer\u012f arba atsi\u0117mimo punkte.<\/p>\r\n\r\n\r\n\r\n<p>Jeigu prek\u0117 visi\u0161kai nauja, dar nenaudota prek\u0117, ji gali b\u016bti gr\u0105\u017einama ar kei\u010diama tik tuo atveju, jei buvo pa\u017eeista ar turi defekt\u0173 \u2013 kitaip tariant, yra nekokybi\u0161ka.<\/p>\r\n\r\n\r\n\r\n<p>\u2e3b<\/p>\r\n\r\n\r\n\r\n<p><strong>Nekokybi\u0161k\u0173, ne visos komplektacijos ar skelbimo informacijos neatitinkan\u010dios prek\u0117s gr\u0105\u017einimas.<\/strong><\/p>\r\n\r\n\r\n\r\n<p>Pirk\u0117jas turi teis\u0119 gr\u0105\u017einti prek\u0117s, jeigu pastebima, kad ji:<\/p>\r\n\r\n\r\n\r\n<p>\u2022 neatitinka skelbime pateiktos informacijos ar apra\u0161ymo;<\/p>\r\n\r\n\r\n\r\n<p>\u2022 turi defekt\u0173, apie kuriuos nebuvo informuota prie\u0161 \u012fsigyjant;<\/p>\r\n\r\n\r\n\r\n<p>\u2022neatitinka standartini\u0173 ,tokio tipo preki\u0173 kokyb\u0117s kriterij\u0173;<\/p>\r\n\r\n\r\n\r\n<p>\u2022 \u012ftariama, kad prek\u0117 yra pagaminta pa\u017eeid\u017eiant intelektin\u0117s nuosavyb\u0117s teises (pvz., prek\u0117 n\u0117ra originali, nors taip buvo deklaruota).<\/p>\r\n\r\n\r\n\r\n<p>Toki\u0173 atvej\u0173 pirk\u0117jas turi informuoti apie netinkam\u0105 prek\u0119 per pagr\u012fst\u0105, teis\u0117s akt\u0173 nustatyt\u0105 laikotarp\u012f, bet ne v\u0117liau kaip per 14 dien\u0173 nuo prek\u0117s gavimo arba atsi\u0117mimo.<\/p>\r\n\r\n\r\n\r\n<p>Jeigu apie prek\u0117s tr\u016bkum\u0105 buvo informuota i\u0161 anksto (pvz., buvo pa\u017eym\u0117ta, kad prek\u0117 turi defekt\u0173 ar minimali\u0173\u00a0\u00a0 kokyb\u0117s neatitikim\u0173), laikoma, kad pirk\u0117jas \u012fsigijo prek\u0119 \u017einodamas apie pamin\u0117tus defektus \u00a0\u2013 tokiu atveju tokia prek\u0117 laikoma tinkamos kokyb\u0117s.<\/p>\r\n\r\n\r\n\r\n<p>Jeigu nustatytas defektas yra nedidelis ir netrukdo naudoti prek\u0117s pagal paskirt\u012f, pirk\u0117jas neturi teis\u0117s viena\u0161ali\u0161kai nutraukti pirkimo sutarties.<\/p>\r\n\r\n\r\n\r\n<p><strong>Kaip gr\u0105\u017einti prek\u0119:<\/strong><\/p>\r\n\r\n\r\n\r\n<p>(<strong>Svarbu) :<\/strong><\/p>\r\n\r\n\r\n\r\n<p>Gr\u0105\u017einama prek\u0117 turi b\u016bti tokios pa\u010dios b\u016bkl\u0117s, kaip buvo: nenaudota, buvo pristatyta, su visais priedais, originalioje pakuot\u0117je (jeigu pakuot\u0117je), su visomis nepa\u017eeistomis etiket\u0117mis ir apsaugin\u0117mis pl\u0117vel\u0117mis. Taip pat b\u016btina tur\u0117ti \u012frodym\u0105 apie pirkim\u0105 (pvz., el. s\u0105skait\u0105 ar u\u017esakymo numer\u012f).<\/p>\r\n\r\n\r\n\r\n<p>Susisiekti su pardav\u0117ju atskiru el. lai\u0161ku. Nurodyti prie\u017east\u012f, d\u0117l ko preke yra gra\u017einama, tai pat prid\u0117ti (Nuotraukas, vaizdo \u012fra\u0161\u0105), jei prek\u0117 sugadinta ar nesutapo nurodyta informacija prie\u0161 \u012fsigyjant, (Kita informacija).<\/p>\r\n\r\n\r\n\r\n<p>\u2e3b<\/p>\r\n\r\n\r\n\r\n<p><strong>Gr\u0105\u017einimo siuntimo i\u0161laidos<\/strong><\/p>\r\n\r\n\r\n\r\n<p>Gr\u0105\u017einimas m\u016bs\u0173 centre yra nemokamas.<\/p>\r\n\r\n\r\n\r\n<p>Jeigu prek\u0117 pirk\u0117jui netiko d\u0117l m\u016bs\u0173 kalt\u0117s (pvz., buvo brokuota ar netinkama pirk\u0117jui), visas siuntimo i\u0161laidas padengiame mes. Tokiu atveju atsi\u0173sime gr\u0105\u017einimo lipduk\u0105 arba organizuosime prek\u0117s pa\u0117mim\u0105 i\u0161 j\u016bs\u0173 nurodyto adreso.<\/p>\r\n\r\n\r\n\r\n<p>\u2e3b<\/p>\r\n\r\n\r\n\r\n<p><strong>Pinig\u0173 gr\u0105\u017einimas<\/strong><\/p>\r\n\r\n\r\n\r\n<p>Pinigai u\u017e gr\u0105\u017eint\u0105 prek\u0119 pervedami \u012f t\u0105 pa\u010di\u0105 s\u0105skait\u0105, i\u0161 kurios buvo atliktas apmok\u0117jimas, per 14 kalendorini\u0173 dien\u0173 nuo gr\u0105\u017eintos prek\u0117s gavimo dienos.<\/p>\r\n\r\n\r\n\r\n<p>Pastaba: su u\u017esakymu atsiskaitymo mokes\u010diai (jeigu tokie buvo) n\u0117ra gr\u0105\u017einami.<\/p>\r\n\r\n\r\n\r\n<p><strong>Siuntos atsi\u0117mimas<\/strong> <strong>(SVARBU)<\/strong> :<\/p>\r\n\r\n\r\n\r\n<p>Priimdami prekes, pra\u0161ome, \u012fsitikinti, kad preki\u0173 i\u0161orin\u0117s pakuot\u0117s n\u0117ra pa\u017eeistos. Jei priimsite prek\u0119 pa\u017eeista pakuote, nebegal\u0117sime priimti J\u016bs\u0173 pretenzijos d\u0117l pa\u017eeidimo. Jei prek\u0117s pakuot\u0117 pa\u017eeista, kurjeris turi u\u017epildyti pa\u017eeidimo akt\u0105.<\/p>\r\n\r\n\r\n\r\n<p>Prie\u0161 pateikdami u\u017esakym\u0105, turite patikrinti prek\u0117s tikslum\u0105 ir tinkamum\u0105. Gr\u0105\u017einti galime tik nekokybi\u0161kas prekes. Netinkamai u\u017esakyt\u0173 arba be tinkamumo patikrinimo u\u017esakyt\u0173 preki\u0173 gr\u0105\u017einti negalime.<\/p>\r\n\r\n\r\n\r\n<p><strong>(SVARBU) <\/strong>: Visos elektronikos, varikli\u0173, pavar\u0173 perdavimo d\u0117\u017e\u0117s, kuri\u0173 ne\u012fmanoma patikrinti, gra\u017einamos tik tuo atveju, jeigu n\u0117ra pa\u017eeistos pardav\u0117jo \u017eym\u0117jimo taisykl\u0117s ( Pvz. u\u017era\u0161ai, \u017eenklinimo lipdukai, etiket\u0117s).<\/p>\r\n\r\n\r\n\r\n<p><strong>Garantija\/gr\u0105\u017einimo politika:<\/strong><\/p>\r\n\r\n\r\n\r\n<p>Norint gr\u0105\u017einti prek\u0119 arba kreiptis d\u0117l garantij\u0173, mums reikia \u0161ios informacijos apie pradin\u012f pardav\u0117j\u0105:<\/p>\r\n\r\n\r\n\r\n<p>Nuotrauka arba vaizdo \u012fra\u0161as, patvirtinantis gedim\u0105 (jei galima \u012ftraukti dirbtuvi\u0173\/pardav\u0117jo dokument\u0105).<\/p>\r\n\r\n\r\n\r\n<p>\u012emok\u0117jimo tvarkos apra\u0161as.<\/p>\r\n\r\n\r\n\r\n<p>Gaminio gedimo apra\u0161ymas.<\/p>\r\n\r\n\r\n\r\n<p>Visi reikalavimai turi b\u016bti \u012fvykdyti teisingai ir ai\u0161kiai. Jei \u0161i\u0173 reikalavim\u0173 nesilaikoma, tokiu atveju preki\u0173 gr\u0105\u017einti negalime.<\/p>","protected":false},"excerpt":{"rendered":"<p>Preki\u0173 gr\u0105\u017einimas Gr\u0105\u017einimo taisykl\u0117s M\u016bs\u0173 tikslas \u2013 u\u017etikrinti, kad pirk\u0117jai greitai ir patogiai rast\u0173 reikiamas transporto dalis, tod\u0117l stengiam\u0117s, kad visos pirkimo ir gr\u0105\u017einimo procesas vykt\u0173 kuo skland\u017eiau. Jeigu tarp pirk\u0117jo ir pardav\u0117jo kyla nesutarim\u0173, esame pasiruo\u0161\u0119 pad\u0117ti rasti abiem pus\u0117ms priimti sprendim\u0105 \u2013 ar tai b\u016bt\u0173 prek\u0117s gr\u0105\u017einimas, ar pilnas ar dalinis pinig\u0173 kompensavimas&#8230;.<\/p>","protected":false},"author":2,"featured_media":0,"parent":0,"menu_order":0,"comment_status":"closed","ping_status":"closed","template":"","meta":{"_acf_changed":false,"footnotes":""},"class_list":["post-661","page","type-page","status-publish","hentry"],"acf":[],"aioseo_notices":[],"_links":{"self":[{"href":"https:\/\/jonodalys.lt\/en\/wp-json\/wp\/v2\/pages\/661","targetHints":{"allow":["GET"]}}],"collection":[{"href":"https:\/\/jonodalys.lt\/en\/wp-json\/wp\/v2\/pages"}],"about":[{"href":"https:\/\/jonodalys.lt\/en\/wp-json\/wp\/v2\/types\/page"}],"author":[{"embeddable":true,"href":"https:\/\/jonodalys.lt\/en\/wp-json\/wp\/v2\/users\/2"}],"replies":[{"embeddable":true,"href":"https:\/\/jonodalys.lt\/en\/wp-json\/wp\/v2\/comments?post=661"}],"version-history":[{"count":1,"href":"https:\/\/jonodalys.lt\/en\/wp-json\/wp\/v2\/pages\/661\/revisions"}],"predecessor-version":[{"id":1073,"href":"https:\/\/jonodalys.lt\/en\/wp-json\/wp\/v2\/pages\/661\/revisions\/1073"}],"wp:attachment":[{"href":"https:\/\/jonodalys.lt\/en\/wp-json\/wp\/v2\/media?parent=661"}],"curies":[{"name":"wp","href":"https:\/\/api.w.org\/{rel}","templated":true}]}}